{"id":13,"date":"2014-08-17T19:54:15","date_gmt":"2014-08-17T19:54:15","guid":{"rendered":"http:\/\/schwedenhaus-och.de\/schwedenhaus\/?page_id=13"},"modified":"2025-04-22T09:11:33","modified_gmt":"2025-04-22T07:11:33","slug":"beschreibung","status":"publish","type":"page","link":"https:\/\/schwedenhaus-och.de\/?page_id=13","title":{"rendered":"Beschreibung"},"content":{"rendered":"<p>Das Wohn\/E\u00dfzimmer ist mit einer Sitzecke, einer E\u00dfgruppe, Fernseher (schwedische Programme) mit DVD-Spieler und Radio eingerichtet.<\/p>\n<p>Ein Kaminofen sorgt f\u00fcr wohlige W\u00e4rme. Genie\u00dfen Sie die absolute Ruhe.<\/p>\n<p>In die alte Herdstelle wurde die Elektro-Kochmulde integriert. So konnte der alte Stil erhalten bleiben. Der alte Holzherd kann im Winter ebenfalls zum Kochen genutzt werden.<\/p>\n<p>Das Haus umfa\u00dft im Erdgescho\u00df zwei Schlafr\u00e4ume f\u00fcr je 2 Personen (1 Doppelbett, 2 Einzelbetten), den rd. 24 m2 gro\u00dfen Wohn-\/E\u00dfraum und die um einen alten Backofen gruppierte K\u00fcche mit gro\u00dfem K\u00fchlschrank, Elektro-Kochmulde, Elektro-Backofen, Kaffeemaschine, Sp\u00fcle und einer vollst\u00e4ndigen Ausstattung.<\/p>\n<p>Weiterhin ist im Erdgescho\u00df ein Bad mit Dusche und ein getrenntes WC vorhanden.<\/p>\n<p>S\u00e4mtliche Wohnr\u00e4ume sind mit Holzfu\u00dfb\u00f6den ausgestattet und wurden stilgerecht renoviert.<\/p>\n<p>Im Untergescho\u00df befindet sich die Sauna, eine weitere Dusche, WC und ein Vorraum mit Waschmaschine.<\/p>\n<p>Das Haus besitzt in allen R\u00e4umen Elektroheizung; eine zentrale Warmwasserversorgung ist vorhanden.<\/p>\n<p>F\u00fcr Kamin und Holzofen liegt ausreichend Brennholz bereit.<\/p>\n<p>Auf dem ca. 5000 m2 gro\u00dfen Naturgrundst\u00fcck befinden sich eine Sonnenterrasse und weitere gesch\u00fctzte Pl\u00e4tze zum Erholen. Gartenm\u00f6bel und ein fest installierter Grill sind vorhanden. Zum Br\u00f6tchenholen oder die Fahrt zum Badesee stehen Ihnen Fahrr\u00e4der zur Verf\u00fcgung. In der Hauptsaison k\u00f6nnen Sie unser Ruderboot auf dem Iv\u00f6sj\u00f6n benutzen.<\/p>\n<p>Die n\u00e4chsten Orte mit L\u00e4den, B\u00e4ckerei\/Cafe, Gasthof, etc. sind ca. 4 bis 7 km vom Haus entfernt.<\/p>\n<p>Das Haus ist ein traditionelles schonisches Langhaus mit gem\u00fctlichen niedrigen Holzdecken. Auf der R\u00fcckseite des Hauses liegt der ebenerdige Haupteingang. In den fr\u00fcheren Stall (unten links) ist die Sauna eingebaut.<\/p>\n<p><strong><img loading=\"lazy\" decoding=\"async\" data-attachment-id=\"14\" data-permalink=\"https:\/\/schwedenhaus-och.de\/?attachment_id=14\" data-orig-file=\"https:\/\/schwedenhaus-och.de\/wp-content\/uploads\/2014\/08\/Grundrissneu.jpg\" data-orig-size=\"2385,1735\" data-comments-opened=\"1\" data-image-meta=\"{&quot;aperture&quot;:&quot;0&quot;,&quot;credit&quot;:&quot;&quot;,&quot;camera&quot;:&quot;&quot;,&quot;caption&quot;:&quot;&quot;,&quot;created_timestamp&quot;:&quot;0&quot;,&quot;copyright&quot;:&quot;&quot;,&quot;focal_length&quot;:&quot;0&quot;,&quot;iso&quot;:&quot;0&quot;,&quot;shutter_speed&quot;:&quot;0&quot;,&quot;title&quot;:&quot;&quot;}\" data-image-title=\"Grundriss\" data-image-description=\"\" data-image-caption=\"\" data-large-file=\"https:\/\/schwedenhaus-och.de\/wp-content\/uploads\/2014\/08\/Grundrissneu-1024x744.jpg\" class=\"aligncenter wp-image-14 size-large\" src=\"https:\/\/schwedenhaus-och.de\/wp-content\/uploads\/2014\/08\/Grundrissneu-1024x744.jpg\" alt=\"Grundriss\" width=\"768\" height=\"558\" srcset=\"https:\/\/schwedenhaus-och.de\/wp-content\/uploads\/2014\/08\/Grundrissneu-1024x744.jpg 1024w, https:\/\/schwedenhaus-och.de\/wp-content\/uploads\/2014\/08\/Grundrissneu-300x218.jpg 300w\" sizes=\"auto, (max-width: 768px) 100vw, 768px\" \/><\/strong><\/p>\n<p><strong>Impressionen der einzelnen R\u00e4ume:<\/strong><\/p>\n<div class=\"tiled-gallery type-rectangular tiled-gallery-unresized\" data-original-width=\"768\" data-carousel-extra='{&quot;blog_id&quot;:1,&quot;permalink&quot;:&quot;https:\\\/\\\/schwedenhaus-och.de\\\/?page_id=13&quot;,&quot;likes_blog_id&quot;:73131780}' itemscope itemtype=\"http:\/\/schema.org\/ImageGallery\" > <div class=\"gallery-row\" style=\"width: 768px; height: 225px;\" data-original-width=\"768\" data-original-height=\"225\" > <div class=\"gallery-group images-1\" style=\"width: 299px; height: 225px;\" data-original-width=\"299\" data-original-height=\"225\" > <div class=\"tiled-gallery-item tiled-gallery-item-large\" itemprop=\"associatedMedia\" itemscope itemtype=\"http:\/\/schema.org\/ImageObject\"> <a href=\"https:\/\/i0.wp.com\/schwedenhaus-och.de\/wp-content\/uploads\/PXL_20250421_071130366-scaled.jpg?ssl=1\" border=\"0\" itemprop=\"url\"> <meta itemprop=\"width\" content=\"295\"> <meta itemprop=\"height\" content=\"221\"> <img decoding=\"async\" class=\"\" data-attachment-id=\"874\" data-orig-file=\"https:\/\/schwedenhaus-och.de\/wp-content\/uploads\/PXL_20250421_071130366-scaled.jpg\" data-orig-size=\"2560,1920\" data-comments-opened=\"\" data-image-meta=\"{&quot;aperture&quot;:&quot;1.73&quot;,&quot;credit&quot;:&quot;&quot;,&quot;camera&quot;:&quot;Pixel 6a&quot;,&quot;caption&quot;:&quot;&quot;,&quot;created_timestamp&quot;:&quot;1745226690&quot;,&quot;copyright&quot;:&quot;&quot;,&quot;focal_length&quot;:&quot;4.38&quot;,&quot;iso&quot;:&quot;67&quot;,&quot;shutter_speed&quot;:&quot;0.010006&quot;,&quot;title&quot;:&quot;&quot;,&quot;orientation&quot;:&quot;1&quot;}\" data-image-title=\"PXL_20250421_071130366\" data-image-description=\"\" data-medium-file=\"https:\/\/schwedenhaus-och.de\/wp-content\/uploads\/PXL_20250421_071130366-300x225.jpg\" data-large-file=\"https:\/\/schwedenhaus-och.de\/wp-content\/uploads\/PXL_20250421_071130366-1280x960.jpg\" src=\"https:\/\/i0.wp.com\/schwedenhaus-och.de\/wp-content\/uploads\/PXL_20250421_071130366-scaled.jpg?w=295&#038;h=221&#038;ssl=1\" srcset=\"https:\/\/schwedenhaus-och.de\/wp-content\/uploads\/PXL_20250421_071130366-scaled.jpg 2560w, https:\/\/schwedenhaus-och.de\/wp-content\/uploads\/PXL_20250421_071130366-300x225.jpg 300w, https:\/\/schwedenhaus-och.de\/wp-content\/uploads\/PXL_20250421_071130366-1280x960.jpg 1280w, https:\/\/schwedenhaus-och.de\/wp-content\/uploads\/PXL_20250421_071130366-768x576.jpg 768w, https:\/\/schwedenhaus-och.de\/wp-content\/uploads\/PXL_20250421_071130366-1536x1152.jpg 1536w, https:\/\/schwedenhaus-och.de\/wp-content\/uploads\/PXL_20250421_071130366-2048x1536.jpg 2048w\" width=\"295\" height=\"221\" loading=\"lazy\" data-original-width=\"295\" data-original-height=\"221\" itemprop=\"http:\/\/schema.org\/image\" title=\"PXL_20250421_071130366\" alt=\"Wohnzimmer mit Essgruppe und Kamin\" style=\"width: 295px; height: 221px;\" \/> <\/a> <div class=\"tiled-gallery-caption\" itemprop=\"caption description\"> Wohnzimmer mit Essgruppe und Kamin <\/div> <\/div> <\/div> <!-- close group --> <div class=\"gallery-group images-1\" style=\"width: 170px; height: 225px;\" data-original-width=\"170\" data-original-height=\"225\" > <div class=\"tiled-gallery-item tiled-gallery-item-small\" itemprop=\"associatedMedia\" itemscope itemtype=\"http:\/\/schema.org\/ImageObject\"> <a href=\"https:\/\/i0.wp.com\/schwedenhaus-och.de\/wp-content\/uploads\/PXL_20250421_070757964-scaled.jpg?ssl=1\" border=\"0\" itemprop=\"url\"> <meta itemprop=\"width\" content=\"166\"> <meta itemprop=\"height\" content=\"221\"> <img decoding=\"async\" class=\"\" data-attachment-id=\"876\" data-orig-file=\"https:\/\/schwedenhaus-och.de\/wp-content\/uploads\/PXL_20250421_070757964-scaled.jpg\" data-orig-size=\"1920,2560\" data-comments-opened=\"\" data-image-meta=\"{&quot;aperture&quot;:&quot;1.73&quot;,&quot;credit&quot;:&quot;&quot;,&quot;camera&quot;:&quot;Pixel 6a&quot;,&quot;caption&quot;:&quot;&quot;,&quot;created_timestamp&quot;:&quot;1745226477&quot;,&quot;copyright&quot;:&quot;&quot;,&quot;focal_length&quot;:&quot;4.38&quot;,&quot;iso&quot;:&quot;50&quot;,&quot;shutter_speed&quot;:&quot;0.030017&quot;,&quot;title&quot;:&quot;&quot;,&quot;orientation&quot;:&quot;1&quot;}\" data-image-title=\"PXL_20250421_070757964\" data-image-description=\"\" data-medium-file=\"https:\/\/schwedenhaus-och.de\/wp-content\/uploads\/PXL_20250421_070757964-225x300.jpg\" data-large-file=\"https:\/\/schwedenhaus-och.de\/wp-content\/uploads\/PXL_20250421_070757964-960x1280.jpg\" src=\"https:\/\/i0.wp.com\/schwedenhaus-och.de\/wp-content\/uploads\/PXL_20250421_070757964-scaled.jpg?w=166&#038;h=221&#038;ssl=1\" srcset=\"https:\/\/schwedenhaus-och.de\/wp-content\/uploads\/PXL_20250421_070757964-scaled.jpg 1920w, https:\/\/schwedenhaus-och.de\/wp-content\/uploads\/PXL_20250421_070757964-225x300.jpg 225w, https:\/\/schwedenhaus-och.de\/wp-content\/uploads\/PXL_20250421_070757964-960x1280.jpg 960w, https:\/\/schwedenhaus-och.de\/wp-content\/uploads\/PXL_20250421_070757964-768x1024.jpg 768w, https:\/\/schwedenhaus-och.de\/wp-content\/uploads\/PXL_20250421_070757964-1152x1536.jpg 1152w, https:\/\/schwedenhaus-och.de\/wp-content\/uploads\/PXL_20250421_070757964-1536x2048.jpg 1536w\" width=\"166\" height=\"221\" loading=\"lazy\" data-original-width=\"166\" data-original-height=\"221\" itemprop=\"http:\/\/schema.org\/image\" title=\"PXL_20250421_070757964\" alt=\"Wohnzimmer mit Esstisch\" style=\"width: 166px; height: 221px;\" \/> <\/a> <div class=\"tiled-gallery-caption\" itemprop=\"caption description\"> Wohnzimmer mit Esstisch <\/div> <\/div> <\/div> <!-- close group --> <div class=\"gallery-group images-1\" style=\"width: 299px; height: 225px;\" data-original-width=\"299\" data-original-height=\"225\" > <div class=\"tiled-gallery-item tiled-gallery-item-large\" itemprop=\"associatedMedia\" itemscope itemtype=\"http:\/\/schema.org\/ImageObject\"> <a href=\"https:\/\/i0.wp.com\/schwedenhaus-och.de\/wp-content\/uploads\/Wohnzimmer-e1505387289126.jpg?ssl=1\" border=\"0\" itemprop=\"url\"> <meta itemprop=\"width\" content=\"295\"> <meta itemprop=\"height\" content=\"221\"> <img decoding=\"async\" class=\"\" data-attachment-id=\"260\" data-orig-file=\"https:\/\/schwedenhaus-och.de\/wp-content\/uploads\/Wohnzimmer-e1505387289126.jpg\" data-orig-size=\"1280,960\" data-comments-opened=\"\" data-image-meta=\"{&quot;aperture&quot;:&quot;3.2&quot;,&quot;credit&quot;:&quot;&quot;,&quot;camera&quot;:&quot;EX-H20G&quot;,&quot;caption&quot;:&quot;&quot;,&quot;created_timestamp&quot;:&quot;1458409860&quot;,&quot;copyright&quot;:&quot;&quot;,&quot;focal_length&quot;:&quot;4.3&quot;,&quot;iso&quot;:&quot;400&quot;,&quot;shutter_speed&quot;:&quot;0.02&quot;,&quot;title&quot;:&quot;&quot;,&quot;orientation&quot;:&quot;1&quot;}\" data-image-title=\"Wohnzimmer mit Sitzecke\" data-image-description=\"\" data-medium-file=\"https:\/\/schwedenhaus-och.de\/wp-content\/uploads\/Wohnzimmer-300x300.jpg\" data-large-file=\"https:\/\/schwedenhaus-och.de\/wp-content\/uploads\/Wohnzimmer-1280x1280.jpg\" src=\"https:\/\/i0.wp.com\/schwedenhaus-och.de\/wp-content\/uploads\/Wohnzimmer-e1505387289126.jpg?w=295&#038;h=221&#038;ssl=1\" width=\"295\" height=\"221\" loading=\"lazy\" data-original-width=\"295\" data-original-height=\"221\" itemprop=\"http:\/\/schema.org\/image\" title=\"Wohnzimmer mit Sitzecke\" alt=\"Wohnzimmer mit Sitzecke\" style=\"width: 295px; height: 221px;\" \/> <\/a> <div class=\"tiled-gallery-caption\" itemprop=\"caption description\"> Wohnzimmer mit Sitzecke <\/div> <\/div> <\/div> <!-- close group --> <\/div> <!-- close row --> <div class=\"gallery-row\" style=\"width: 768px; height: 341px;\" data-original-width=\"768\" data-original-height=\"341\" > <div class=\"gallery-group images-1\" style=\"width: 511px; height: 341px;\" data-original-width=\"511\" data-original-height=\"341\" > <div class=\"tiled-gallery-item tiled-gallery-item-large\" itemprop=\"associatedMedia\" itemscope itemtype=\"http:\/\/schema.org\/ImageObject\"> <a href=\"https:\/\/i0.wp.com\/schwedenhaus-och.de\/wp-content\/uploads\/sitzgruppe.jpg?ssl=1\" border=\"0\" itemprop=\"url\"> <meta itemprop=\"width\" content=\"507\"> <meta itemprop=\"height\" content=\"337\"> <img decoding=\"async\" class=\"\" data-attachment-id=\"307\" data-orig-file=\"https:\/\/schwedenhaus-och.de\/wp-content\/uploads\/sitzgruppe.jpg\" data-orig-size=\"1082,720\" data-comments-opened=\"\" data-image-meta=\"{&quot;aperture&quot;:&quot;3.5&quot;,&quot;credit&quot;:&quot;&quot;,&quot;camera&quot;:&quot;ILCE-5000&quot;,&quot;caption&quot;:&quot;&quot;,&quot;created_timestamp&quot;:&quot;1505393777&quot;,&quot;copyright&quot;:&quot;&quot;,&quot;focal_length&quot;:&quot;16&quot;,&quot;iso&quot;:&quot;800&quot;,&quot;shutter_speed&quot;:&quot;0.00625&quot;,&quot;title&quot;:&quot;&quot;,&quot;orientation&quot;:&quot;1&quot;}\" data-image-title=\"Sitzgruppe\" data-image-description=\"\" data-medium-file=\"https:\/\/schwedenhaus-och.de\/wp-content\/uploads\/sitzgruppe-300x300.jpg\" data-large-file=\"https:\/\/schwedenhaus-och.de\/wp-content\/uploads\/sitzgruppe.jpg\" src=\"https:\/\/i0.wp.com\/schwedenhaus-och.de\/wp-content\/uploads\/sitzgruppe.jpg?w=507&#038;h=337&#038;ssl=1\" width=\"507\" height=\"337\" loading=\"lazy\" data-original-width=\"507\" data-original-height=\"337\" itemprop=\"http:\/\/schema.org\/image\" title=\"Sitzgruppe\" alt=\"Sitzecke\" style=\"width: 507px; height: 337px;\" \/> <\/a> <div class=\"tiled-gallery-caption\" itemprop=\"caption description\"> Sitzecke <\/div> <\/div> <\/div> <!-- close group --> <div class=\"gallery-group images-1\" style=\"width: 257px; height: 341px;\" data-original-width=\"257\" data-original-height=\"341\" > <div class=\"tiled-gallery-item tiled-gallery-item-large\" itemprop=\"associatedMedia\" itemscope itemtype=\"http:\/\/schema.org\/ImageObject\"> <a href=\"https:\/\/i0.wp.com\/schwedenhaus-och.de\/wp-content\/uploads\/IMG_20200521_172709.jpg?ssl=1\" border=\"0\" itemprop=\"url\"> <meta itemprop=\"width\" content=\"253\"> <meta itemprop=\"height\" content=\"337\"> <img decoding=\"async\" class=\"\" data-attachment-id=\"412\" data-orig-file=\"https:\/\/schwedenhaus-och.de\/wp-content\/uploads\/IMG_20200521_172709.jpg\" data-orig-size=\"3120,4160\" data-comments-opened=\"\" data-image-meta=\"{&quot;aperture&quot;:&quot;2&quot;,&quot;credit&quot;:&quot;&quot;,&quot;camera&quot;:&quot;Redmi 4X&quot;,&quot;caption&quot;:&quot;&quot;,&quot;created_timestamp&quot;:&quot;1590082029&quot;,&quot;copyright&quot;:&quot;&quot;,&quot;focal_length&quot;:&quot;4.12&quot;,&quot;iso&quot;:&quot;100&quot;,&quot;shutter_speed&quot;:&quot;0.0081967213114754&quot;,&quot;title&quot;:&quot;&quot;,&quot;orientation&quot;:&quot;0&quot;}\" data-image-title=\"IMG_20200521_172709\" data-image-description=\"&lt;p&gt;Schlafzimmer mit Doppelbett&lt;\/p&gt; \" data-medium-file=\"https:\/\/schwedenhaus-och.de\/wp-content\/uploads\/IMG_20200521_172709-225x300.jpg\" data-large-file=\"https:\/\/schwedenhaus-och.de\/wp-content\/uploads\/IMG_20200521_172709-960x1280.jpg\" src=\"https:\/\/i0.wp.com\/schwedenhaus-och.de\/wp-content\/uploads\/IMG_20200521_172709.jpg?w=253&#038;h=337&#038;ssl=1\" srcset=\"https:\/\/schwedenhaus-och.de\/wp-content\/uploads\/IMG_20200521_172709.jpg 3120w, https:\/\/schwedenhaus-och.de\/wp-content\/uploads\/IMG_20200521_172709-225x300.jpg 225w, https:\/\/schwedenhaus-och.de\/wp-content\/uploads\/IMG_20200521_172709-768x1024.jpg 768w, https:\/\/schwedenhaus-och.de\/wp-content\/uploads\/IMG_20200521_172709-960x1280.jpg 960w\" width=\"253\" height=\"337\" loading=\"lazy\" data-original-width=\"253\" data-original-height=\"337\" itemprop=\"http:\/\/schema.org\/image\" title=\"IMG_20200521_172709\" alt=\"Schlafzimmer mit Doppelbett\" style=\"width: 253px; height: 337px;\" \/> <\/a> <div class=\"tiled-gallery-caption\" itemprop=\"caption description\"> Schlafzimmer mit Doppelbett <\/div> <\/div> <\/div> <!-- close group --> <\/div> <!-- close row --> <div class=\"gallery-row\" style=\"width: 768px; height: 343px;\" data-original-width=\"768\" data-original-height=\"343\" > <div class=\"gallery-group images-1\" style=\"width: 513px; height: 343px;\" data-original-width=\"513\" data-original-height=\"343\" > <div class=\"tiled-gallery-item tiled-gallery-item-large\" itemprop=\"associatedMedia\" itemscope itemtype=\"http:\/\/schema.org\/ImageObject\"> <a href=\"https:\/\/i0.wp.com\/schwedenhaus-och.de\/wp-content\/uploads\/IMG_7740.jpg?ssl=1\" border=\"0\" itemprop=\"url\"> <meta itemprop=\"width\" content=\"509\"> <meta itemprop=\"height\" content=\"339\"> <img decoding=\"async\" class=\"\" data-attachment-id=\"20\" data-orig-file=\"https:\/\/schwedenhaus-och.de\/wp-content\/uploads\/IMG_7740.jpg\" data-orig-size=\"1024,682\" data-comments-opened=\"1\" data-image-meta=\"{&quot;aperture&quot;:&quot;5&quot;,&quot;credit&quot;:&quot;&quot;,&quot;camera&quot;:&quot;Canon EOS 400D DIGITAL&quot;,&quot;caption&quot;:&quot;&quot;,&quot;created_timestamp&quot;:&quot;1236761688&quot;,&quot;copyright&quot;:&quot;&quot;,&quot;focal_length&quot;:&quot;18&quot;,&quot;iso&quot;:&quot;800&quot;,&quot;shutter_speed&quot;:&quot;0.016666666666667&quot;,&quot;title&quot;:&quot;&quot;}\" data-image-title=\"IMG_7740\" data-image-description=\"\" data-medium-file=\"https:\/\/schwedenhaus-och.de\/wp-content\/uploads\/IMG_7740-300x199.jpg\" data-large-file=\"https:\/\/schwedenhaus-och.de\/wp-content\/uploads\/IMG_7740.jpg\" src=\"https:\/\/i0.wp.com\/schwedenhaus-och.de\/wp-content\/uploads\/IMG_7740.jpg?w=509&#038;h=339&#038;ssl=1\" srcset=\"https:\/\/schwedenhaus-och.de\/wp-content\/uploads\/IMG_7740.jpg 1024w, https:\/\/schwedenhaus-och.de\/wp-content\/uploads\/IMG_7740-300x199.jpg 300w\" width=\"509\" height=\"339\" loading=\"lazy\" data-original-width=\"509\" data-original-height=\"339\" itemprop=\"http:\/\/schema.org\/image\" title=\"IMG_7740\" alt=\"Schlafzimmer mit Einzelbetten\" style=\"width: 509px; height: 339px;\" \/> <\/a> <div class=\"tiled-gallery-caption\" itemprop=\"caption description\"> Schlafzimmer mit Einzelbetten <\/div> <\/div> <\/div> <!-- close group --> <div class=\"gallery-group images-2\" style=\"width: 255px; height: 343px;\" data-original-width=\"255\" data-original-height=\"343\" > <div class=\"tiled-gallery-item tiled-gallery-item-large\" itemprop=\"associatedMedia\" itemscope itemtype=\"http:\/\/schema.org\/ImageObject\"> <a href=\"https:\/\/i0.wp.com\/schwedenhaus-och.de\/wp-content\/uploads\/IMG_7763.jpg?ssl=1\" border=\"0\" itemprop=\"url\"> <meta itemprop=\"width\" content=\"251\"> <meta itemprop=\"height\" content=\"168\"> <img decoding=\"async\" class=\"\" data-attachment-id=\"27\" data-orig-file=\"https:\/\/schwedenhaus-och.de\/wp-content\/uploads\/IMG_7763.jpg\" data-orig-size=\"1024,682\" data-comments-opened=\"1\" data-image-meta=\"{&quot;aperture&quot;:&quot;4&quot;,&quot;credit&quot;:&quot;&quot;,&quot;camera&quot;:&quot;Canon EOS 400D DIGITAL&quot;,&quot;caption&quot;:&quot;&quot;,&quot;created_timestamp&quot;:&quot;1236762749&quot;,&quot;copyright&quot;:&quot;&quot;,&quot;focal_length&quot;:&quot;21&quot;,&quot;iso&quot;:&quot;200&quot;,&quot;shutter_speed&quot;:&quot;0.016666666666667&quot;,&quot;title&quot;:&quot;&quot;}\" data-image-title=\"IMG_7763\" data-image-description=\"\" data-medium-file=\"https:\/\/schwedenhaus-och.de\/wp-content\/uploads\/IMG_7763-300x199.jpg\" data-large-file=\"https:\/\/schwedenhaus-och.de\/wp-content\/uploads\/IMG_7763.jpg\" src=\"https:\/\/i0.wp.com\/schwedenhaus-och.de\/wp-content\/uploads\/IMG_7763.jpg?w=251&#038;h=168&#038;ssl=1\" width=\"251\" height=\"168\" loading=\"lazy\" data-original-width=\"251\" data-original-height=\"168\" itemprop=\"http:\/\/schema.org\/image\" title=\"IMG_7763\" alt=\"K\u00fcche mit Herd\" style=\"width: 251px; height: 168px;\" \/> <\/a> <div class=\"tiled-gallery-caption\" itemprop=\"caption description\"> K\u00fcche mit Herd <\/div> <\/div> <div class=\"tiled-gallery-item tiled-gallery-item-large\" itemprop=\"associatedMedia\" itemscope itemtype=\"http:\/\/schema.org\/ImageObject\"> <a href=\"https:\/\/i0.wp.com\/schwedenhaus-och.de\/wp-content\/uploads\/IMG_7753.jpg?ssl=1\" border=\"0\" itemprop=\"url\"> <meta itemprop=\"width\" content=\"251\"> <meta itemprop=\"height\" content=\"167\"> <img decoding=\"async\" class=\"\" data-attachment-id=\"25\" data-orig-file=\"https:\/\/schwedenhaus-och.de\/wp-content\/uploads\/IMG_7753.jpg\" data-orig-size=\"1024,682\" data-comments-opened=\"1\" data-image-meta=\"{&quot;aperture&quot;:&quot;4&quot;,&quot;credit&quot;:&quot;&quot;,&quot;camera&quot;:&quot;Canon EOS 400D DIGITAL&quot;,&quot;caption&quot;:&quot;&quot;,&quot;created_timestamp&quot;:&quot;1236762622&quot;,&quot;copyright&quot;:&quot;&quot;,&quot;focal_length&quot;:&quot;18&quot;,&quot;iso&quot;:&quot;200&quot;,&quot;shutter_speed&quot;:&quot;0.016666666666667&quot;,&quot;title&quot;:&quot;&quot;}\" data-image-title=\"IMG_7753\" data-image-description=\"\" data-medium-file=\"https:\/\/schwedenhaus-och.de\/wp-content\/uploads\/IMG_7753-300x199.jpg\" data-large-file=\"https:\/\/schwedenhaus-och.de\/wp-content\/uploads\/IMG_7753.jpg\" src=\"https:\/\/i0.wp.com\/schwedenhaus-och.de\/wp-content\/uploads\/IMG_7753.jpg?w=251&#038;h=167&#038;ssl=1\" srcset=\"https:\/\/schwedenhaus-och.de\/wp-content\/uploads\/IMG_7753.jpg 1024w, https:\/\/schwedenhaus-och.de\/wp-content\/uploads\/IMG_7753-300x199.jpg 300w\" width=\"251\" height=\"167\" loading=\"lazy\" data-original-width=\"251\" data-original-height=\"167\" itemprop=\"http:\/\/schema.org\/image\" title=\"IMG_7753\" alt=\"K\u00fcche mit Sp\u00fcle\" style=\"width: 251px; height: 167px;\" \/> <\/a> <div class=\"tiled-gallery-caption\" itemprop=\"caption description\"> K\u00fcche mit Sp\u00fcle <\/div> <\/div> <\/div> <!-- close group --> <\/div> <!-- close row --> <div class=\"gallery-row\" style=\"width: 768px; height: 257px;\" data-original-width=\"768\" data-original-height=\"257\" > <div class=\"gallery-group images-1\" style=\"width: 384px; height: 257px;\" data-original-width=\"384\" data-original-height=\"257\" > <div class=\"tiled-gallery-item tiled-gallery-item-large\" itemprop=\"associatedMedia\" itemscope itemtype=\"http:\/\/schema.org\/ImageObject\"> <a href=\"https:\/\/i0.wp.com\/schwedenhaus-och.de\/wp-content\/uploads\/IMG_7756.jpg?ssl=1\" border=\"0\" itemprop=\"url\"> <meta itemprop=\"width\" content=\"380\"> <meta itemprop=\"height\" content=\"253\"> <img decoding=\"async\" class=\"\" data-attachment-id=\"26\" data-orig-file=\"https:\/\/schwedenhaus-och.de\/wp-content\/uploads\/IMG_7756.jpg\" data-orig-size=\"1024,682\" data-comments-opened=\"1\" data-image-meta=\"{&quot;aperture&quot;:&quot;4&quot;,&quot;credit&quot;:&quot;&quot;,&quot;camera&quot;:&quot;Canon EOS 400D DIGITAL&quot;,&quot;caption&quot;:&quot;&quot;,&quot;created_timestamp&quot;:&quot;1236762657&quot;,&quot;copyright&quot;:&quot;&quot;,&quot;focal_length&quot;:&quot;18&quot;,&quot;iso&quot;:&quot;200&quot;,&quot;shutter_speed&quot;:&quot;0.016666666666667&quot;,&quot;title&quot;:&quot;&quot;}\" data-image-title=\"IMG_7756\" data-image-description=\"\" data-medium-file=\"https:\/\/schwedenhaus-och.de\/wp-content\/uploads\/IMG_7756-300x199.jpg\" data-large-file=\"https:\/\/schwedenhaus-och.de\/wp-content\/uploads\/IMG_7756.jpg\" src=\"https:\/\/i0.wp.com\/schwedenhaus-och.de\/wp-content\/uploads\/IMG_7756.jpg?w=380&#038;h=253&#038;ssl=1\" srcset=\"https:\/\/schwedenhaus-och.de\/wp-content\/uploads\/IMG_7756.jpg 1024w, https:\/\/schwedenhaus-och.de\/wp-content\/uploads\/IMG_7756-300x199.jpg 300w\" width=\"380\" height=\"253\" loading=\"lazy\" data-original-width=\"380\" data-original-height=\"253\" itemprop=\"http:\/\/schema.org\/image\" title=\"IMG_7756\" alt=\"K\u00fcche mit K\u00fchlschrank\" style=\"width: 380px; height: 253px;\" \/> <\/a> <div class=\"tiled-gallery-caption\" itemprop=\"caption description\"> K\u00fcche mit K\u00fchlschrank <\/div> <\/div> <\/div> <!-- close group --> <div class=\"gallery-group images-1\" style=\"width: 384px; height: 257px;\" data-original-width=\"384\" data-original-height=\"257\" > <div class=\"tiled-gallery-item tiled-gallery-item-large\" itemprop=\"associatedMedia\" itemscope itemtype=\"http:\/\/schema.org\/ImageObject\"> <a href=\"https:\/\/i0.wp.com\/schwedenhaus-och.de\/wp-content\/uploads\/IMG_7736.jpg?ssl=1\" border=\"0\" itemprop=\"url\"> <meta itemprop=\"width\" content=\"380\"> <meta itemprop=\"height\" content=\"253\"> <img decoding=\"async\" class=\"\" data-attachment-id=\"18\" data-orig-file=\"https:\/\/schwedenhaus-och.de\/wp-content\/uploads\/IMG_7736.jpg\" data-orig-size=\"1024,682\" data-comments-opened=\"1\" data-image-meta=\"{&quot;aperture&quot;:&quot;3.5&quot;,&quot;credit&quot;:&quot;&quot;,&quot;camera&quot;:&quot;Canon EOS 400D DIGITAL&quot;,&quot;caption&quot;:&quot;&quot;,&quot;created_timestamp&quot;:&quot;1236761191&quot;,&quot;copyright&quot;:&quot;&quot;,&quot;focal_length&quot;:&quot;18&quot;,&quot;iso&quot;:&quot;800&quot;,&quot;shutter_speed&quot;:&quot;0.066666666666667&quot;,&quot;title&quot;:&quot;&quot;}\" data-image-title=\"IMG_7736\" data-image-description=\"\" data-medium-file=\"https:\/\/schwedenhaus-och.de\/wp-content\/uploads\/IMG_7736-300x199.jpg\" data-large-file=\"https:\/\/schwedenhaus-och.de\/wp-content\/uploads\/IMG_7736.jpg\" src=\"https:\/\/i0.wp.com\/schwedenhaus-och.de\/wp-content\/uploads\/IMG_7736.jpg?w=380&#038;h=253&#038;ssl=1\" srcset=\"https:\/\/schwedenhaus-och.de\/wp-content\/uploads\/IMG_7736.jpg 1024w, https:\/\/schwedenhaus-och.de\/wp-content\/uploads\/IMG_7736-300x199.jpg 300w\" width=\"380\" height=\"253\" loading=\"lazy\" data-original-width=\"380\" data-original-height=\"253\" itemprop=\"http:\/\/schema.org\/image\" title=\"IMG_7736\" alt=\"Sauna\" style=\"width: 380px; height: 253px;\" \/> <\/a> <div class=\"tiled-gallery-caption\" itemprop=\"caption description\"> Sauna <\/div> <\/div> <\/div> <!-- close group --> <\/div> <!-- close row --> <\/div>\n","protected":false},"excerpt":{"rendered":"<p>Das Wohn\/E\u00dfzimmer ist mit einer Sitzecke, einer E\u00dfgruppe, Fernseher (schwedische Programme) mit DVD-Spieler und Radio eingerichtet. Ein Kaminofen sorgt f\u00fcr wohlige W\u00e4rme. Genie\u00dfen Sie die absolute Ruhe. In die alte Herdstelle wurde die Elektro-Kochmulde integriert. So konnte der alte Stil erhalten bleiben. Der alte Holzherd kann im Winter ebenfalls zum Kochen genutzt werden. Das Haus [&hellip;]<\/p>\n","protected":false},"author":1,"featured_media":0,"parent":0,"menu_order":0,"comment_status":"closed","ping_status":"open","template":"","meta":{"jetpack_post_was_ever_published":false,"footnotes":""},"class_list":["post-13","page","type-page","status-publish","hentry"],"jetpack_shortlink":"https:\/\/wp.me\/P4WQUQ-d","jetpack_sharing_enabled":true,"_links":{"self":[{"href":"https:\/\/schwedenhaus-och.de\/index.php?rest_route=\/wp\/v2\/pages\/13","targetHints":{"allow":["GET"]}}],"collection":[{"href":"https:\/\/schwedenhaus-och.de\/index.php?rest_route=\/wp\/v2\/pages"}],"about":[{"href":"https:\/\/schwedenhaus-och.de\/index.php?rest_route=\/wp\/v2\/types\/page"}],"author":[{"embeddable":true,"href":"https:\/\/schwedenhaus-och.de\/index.php?rest_route=\/wp\/v2\/users\/1"}],"replies":[{"embeddable":true,"href":"https:\/\/schwedenhaus-och.de\/index.php?rest_route=%2Fwp%2Fv2%2Fcomments&post=13"}],"version-history":[{"count":11,"href":"https:\/\/schwedenhaus-och.de\/index.php?rest_route=\/wp\/v2\/pages\/13\/revisions"}],"predecessor-version":[{"id":877,"href":"https:\/\/schwedenhaus-och.de\/index.php?rest_route=\/wp\/v2\/pages\/13\/revisions\/877"}],"wp:attachment":[{"href":"https:\/\/schwedenhaus-och.de\/index.php?rest_route=%2Fwp%2Fv2%2Fmedia&parent=13"}],"curies":[{"name":"wp","href":"https:\/\/api.w.org\/{rel}","templated":true}]}}